{"id":265,"date":"2016-12-08T09:12:02","date_gmt":"2016-12-08T09:12:02","guid":{"rendered":"http:\/\/localhost\/buildpro\/?page_id=265"},"modified":"2025-05-24T20:41:08","modified_gmt":"2025-05-24T20:41:08","slug":"servicios","status":"publish","type":"page","link":"https:\/\/escuadra.cl\/index.php\/servicios\/","title":{"rendered":"Servicios"},"content":{"rendered":"<div class=\"wpb-content-wrapper\"><p>[vc_row][vc_column]\t<div class=\"row\">\n\t\n\t<div class=\"service-item col-md-4 col-sm-6 mb30\">\n        <figure class=\"pic-hover hover-scale mb20\">\n            <span class=\"center-xy\">\n                <a href=\"https:\/\/escuadra.cl\/index.php\/services\/obras-civiles\/\"><i class=\"fa fa-plus btn-action btn-action-hide\"><\/i><\/a>\n            <\/span>\n            <span class=\"bg-overlay\"><\/span>\n            <img decoding=\"async\" src=\"https:\/\/escuadra.cl\/wp-content\/uploads\/2025\/05\/obras-civiles.png\" class=\"img-responsive\" alt=\"\">\n        <\/figure>\n\n        <h3><a href=\"https:\/\/escuadra.cl\/index.php\/services\/obras-civiles\/\">Obras Civiles<\/a><\/h3>\n        <p>Desarrollamos muros de contenci\u00f3n, accesos viales, reposici\u00f3n de pavimentos y ductos, asegurando durabilidad, seguridad y cumplimiento normativo.<\/p>\n        <a href=\"https:\/\/escuadra.cl\/index.php\/services\/obras-civiles\/\" class=\"read_more\">Saber m\u00e1s <i class=\"fa fa-chevron-right id-color\"><\/i><\/a>\n    <\/div>\n\n\t\n\t<div class=\"service-item col-md-4 col-sm-6 mb30\">\n        <figure class=\"pic-hover hover-scale mb20\">\n            <span class=\"center-xy\">\n                <a href=\"https:\/\/escuadra.cl\/index.php\/services\/edificacion\/\"><i class=\"fa fa-plus btn-action btn-action-hide\"><\/i><\/a>\n            <\/span>\n            <span class=\"bg-overlay\"><\/span>\n            <img decoding=\"async\" src=\"https:\/\/escuadra.cl\/wp-content\/uploads\/2025\/05\/edificacion.png\" class=\"img-responsive\" alt=\"\">\n        <\/figure>\n\n        <h3><a href=\"https:\/\/escuadra.cl\/index.php\/services\/edificacion\/\">Edificaci\u00f3n<\/a><\/h3>\n        <p>Planificamos y ejecutamos obras residenciales, comerciales e industriales, coordinando fundaciones, estructuras, alba\u00f1iler\u00eda y acabados con control riguroso.<\/p>\n        <a href=\"https:\/\/escuadra.cl\/index.php\/services\/edificacion\/\" class=\"read_more\">Saber m\u00e1s <i class=\"fa fa-chevron-right id-color\"><\/i><\/a>\n    <\/div>\n\n\t\n\t<div class=\"service-item col-md-4 col-sm-6 mb30\">\n        <figure class=\"pic-hover hover-scale mb20\">\n            <span class=\"center-xy\">\n                <a href=\"https:\/\/escuadra.cl\/index.php\/services\/urbanizaciones\/\"><i class=\"fa fa-plus btn-action btn-action-hide\"><\/i><\/a>\n            <\/span>\n            <span class=\"bg-overlay\"><\/span>\n            <img decoding=\"async\" src=\"https:\/\/escuadra.cl\/wp-content\/uploads\/2025\/05\/urbanizaciones.png\" class=\"img-responsive\" alt=\"\">\n        <\/figure>\n\n        <h3><a href=\"https:\/\/escuadra.cl\/index.php\/services\/urbanizaciones\/\">Urbanizaciones<\/a><\/h3>\n        <p>Planificamos y dise\u00f1amos redes de servicios, vialidad y \u00e1reas verdes, gestionando permisos municipales y coordinaci\u00f3n t\u00e9cnica eficiente.<\/p>\n        <a href=\"https:\/\/escuadra.cl\/index.php\/services\/urbanizaciones\/\" class=\"read_more\">Saber m\u00e1s <i class=\"fa fa-chevron-right id-color\"><\/i><\/a>\n    <\/div>\n\n\t\n\t<div class=\"service-item col-md-4 col-sm-6 mb30\">\n        <figure class=\"pic-hover hover-scale mb20\">\n            <span class=\"center-xy\">\n                <a href=\"https:\/\/escuadra.cl\/index.php\/services\/inspeccion-de-obras\/\"><i class=\"fa fa-plus btn-action btn-action-hide\"><\/i><\/a>\n            <\/span>\n            <span class=\"bg-overlay\"><\/span>\n            <img decoding=\"async\" src=\"https:\/\/escuadra.cl\/wp-content\/uploads\/2025\/05\/inspeccion.png\" class=\"img-responsive\" alt=\"\">\n        <\/figure>\n\n        <h3><a href=\"https:\/\/escuadra.cl\/index.php\/services\/inspeccion-de-obras\/\">Inspecci\u00f3n de Obras<\/a><\/h3>\n        <p>Supervisamos materiales, m\u00e9todos constructivos y avances en obra, emitiendo informes t\u00e9cnicos que garantizan calidad, normativa y trazabilidad.<\/p>\n        <a href=\"https:\/\/escuadra.cl\/index.php\/services\/inspeccion-de-obras\/\" class=\"read_more\">Saber m\u00e1s <i class=\"fa fa-chevron-right id-color\"><\/i><\/a>\n    <\/div>\n\n\t\n\t<div class=\"service-item col-md-4 col-sm-6 mb30\">\n        <figure class=\"pic-hover hover-scale mb20\">\n            <span class=\"center-xy\">\n                <a href=\"https:\/\/escuadra.cl\/index.php\/services\/diseno-de-pavimentos\/\"><i class=\"fa fa-plus btn-action btn-action-hide\"><\/i><\/a>\n            <\/span>\n            <span class=\"bg-overlay\"><\/span>\n            <img decoding=\"async\" src=\"https:\/\/escuadra.cl\/wp-content\/uploads\/2025\/05\/pavimento.png\" class=\"img-responsive\" alt=\"\">\n        <\/figure>\n\n        <h3><a href=\"https:\/\/escuadra.cl\/index.php\/services\/diseno-de-pavimentos\/\">Dise\u00f1o de pavimentos<\/a><\/h3>\n        <p>Elaboramos proyectos de pavimentaci\u00f3n r\u00edgida y flexible definiendo espesores de subrasante, base, mezcla asf\u00e1ltica y drenaje eficiente.<\/p>\n        <a href=\"https:\/\/escuadra.cl\/index.php\/services\/diseno-de-pavimentos\/\" class=\"read_more\">Saber m\u00e1s <i class=\"fa fa-chevron-right id-color\"><\/i><\/a>\n    <\/div>\n\n\t\n\t<div class=\"service-item col-md-4 col-sm-6 mb30\">\n        <figure class=\"pic-hover hover-scale mb20\">\n            <span class=\"center-xy\">\n                <a href=\"https:\/\/escuadra.cl\/index.php\/services\/ingenieria-sanitaria\/\"><i class=\"fa fa-plus btn-action btn-action-hide\"><\/i><\/a>\n            <\/span>\n            <span class=\"bg-overlay\"><\/span>\n            <img decoding=\"async\" src=\"https:\/\/escuadra.cl\/wp-content\/uploads\/2025\/05\/ingenieria-sanitaria.png\" class=\"img-responsive\" alt=\"\">\n        <\/figure>\n\n        <h3><a href=\"https:\/\/escuadra.cl\/index.php\/services\/ingenieria-sanitaria\/\">Ingenier\u00eda Sanitaria<\/a><\/h3>\n        <p>Dise\u00f1amos redes de agua potable, alcantarillado y sistemas de tratamiento como lombrifiltros, garantizando c\u00e1lculos hidr\u00e1ulicos y permisos.<\/p>\n        <a href=\"https:\/\/escuadra.cl\/index.php\/services\/ingenieria-sanitaria\/\" class=\"read_more\">Saber m\u00e1s <i class=\"fa fa-chevron-right id-color\"><\/i><\/a>\n    <\/div>\n\n\t\n\t<div class=\"service-item col-md-4 col-sm-6 mb30\">\n        <figure class=\"pic-hover hover-scale mb20\">\n            <span class=\"center-xy\">\n                <a href=\"https:\/\/escuadra.cl\/index.php\/services\/arquitectura\/\"><i class=\"fa fa-plus btn-action btn-action-hide\"><\/i><\/a>\n            <\/span>\n            <span class=\"bg-overlay\"><\/span>\n            <img decoding=\"async\" src=\"https:\/\/escuadra.cl\/wp-content\/uploads\/2016\/12\/arquitectura.png\" class=\"img-responsive\" alt=\"\">\n        <\/figure>\n\n        <h3><a href=\"https:\/\/escuadra.cl\/index.php\/services\/arquitectura\/\">Arquitectura<\/a><\/h3>\n        <p>Dise\u00f1amos anteproyectos y planos ejecutivos que integran funcionalidad, est\u00e9tica, eficiencia energ\u00e9tica en edificaciones residenciales, comerciales e institucionales.<\/p>\n        <a href=\"https:\/\/escuadra.cl\/index.php\/services\/arquitectura\/\" class=\"read_more\">Saber m\u00e1s <i class=\"fa fa-chevron-right id-color\"><\/i><\/a>\n    <\/div>\n\n\t\n\t<div class=\"service-item col-md-4 col-sm-6 mb30\">\n        <figure class=\"pic-hover hover-scale mb20\">\n            <span class=\"center-xy\">\n                <a href=\"https:\/\/escuadra.cl\/index.php\/services\/topografia\/\"><i class=\"fa fa-plus btn-action btn-action-hide\"><\/i><\/a>\n            <\/span>\n            <span class=\"bg-overlay\"><\/span>\n            <img decoding=\"async\" src=\"https:\/\/escuadra.cl\/wp-content\/uploads\/2016\/06\/topografia.png\" class=\"img-responsive\" alt=\"\">\n        <\/figure>\n\n        <h3><a href=\"https:\/\/escuadra.cl\/index.php\/services\/topografia\/\">Topograf\u00eda<\/a><\/h3>\n        <p>Realizamos levantamientos topogr\u00e1ficos de alta precisi\u00f3n y replanteos en terreno con estaciones totales, receptores GNSS y drones.<\/p>\n        <a href=\"https:\/\/escuadra.cl\/index.php\/services\/topografia\/\" class=\"read_more\">Saber m\u00e1s <i class=\"fa fa-chevron-right id-color\"><\/i><\/a>\n    <\/div>\n\n\t\n\t<div class=\"service-item col-md-4 col-sm-6 mb30\">\n        <figure class=\"pic-hover hover-scale mb20\">\n            <span class=\"center-xy\">\n                <a href=\"https:\/\/escuadra.cl\/index.php\/services\/calculo-estructural\/\"><i class=\"fa fa-plus btn-action btn-action-hide\"><\/i><\/a>\n            <\/span>\n            <span class=\"bg-overlay\"><\/span>\n            <img decoding=\"async\" src=\"https:\/\/escuadra.cl\/wp-content\/uploads\/2016\/02\/calculo-estructural.png\" class=\"img-responsive\" alt=\"\">\n        <\/figure>\n\n        <h3><a href=\"https:\/\/escuadra.cl\/index.php\/services\/calculo-estructural\/\">C\u00e1lculo Estructural<\/a><\/h3>\n        <p>Dimensionamos y analizamos estructuras de hormig\u00f3n, acero y madera seg\u00fan normativa internacional, garantizando resistencia, servicio en obra.<\/p>\n        <a href=\"https:\/\/escuadra.cl\/index.php\/services\/calculo-estructural\/\" class=\"read_more\">Saber m\u00e1s <i class=\"fa fa-chevron-right id-color\"><\/i><\/a>\n    <\/div>\n\n\t\t<\/div>\n  \t\n[\/vc_column][\/vc_row][vc_row el_class=\u00bbbg-color\u00bb css=\u00bb.vc_custom_1481189563478{padding-top: 20px !important;padding-bottom: 20px !important;}\u00bb][vc_column]\n\t<div class=\"row call-to-action \">\n\t\t<div class=\"col-md-8\">\n\t        <h3 class=\"mt10\">\u00bfBuscas un aliado para tu pr\u00f3ximo proyecto de construcci\u00f3n?<\/h3>\n\t    <\/div>\n\t    <div class=\"col-md-4 text-right\">\n\t    \t<a class=\"btn btn-line-black btn-fx\" href=\"https:\/\/escuadra.cl\/index.php\/contacto\/\" target=\"_self\">CONTACTO<\/a>\t    <\/div>\n    <\/div>\n\n[\/vc_column][\/vc_row]<\/p>\n<\/div>","protected":false},"excerpt":{"rendered":"<p>[vc_row][vc_column][\/vc_column][\/vc_row][vc_row el_class=\u00bbbg-color\u00bb css=\u00bb.vc_custom_1481189563478{padding-top: 20px !important;padding-bottom: 20px !important;}\u00bb][vc_column][\/vc_column][\/vc_row]<\/p>\n","protected":false},"author":1,"featured_media":0,"parent":0,"menu_order":0,"comment_status":"closed","ping_status":"closed","template":"page-templates\/template-fullwidth.php","meta":{"footnotes":""},"class_list":["post-265","page","type-page","status-publish","hentry"],"_links":{"self":[{"href":"https:\/\/escuadra.cl\/index.php\/wp-json\/wp\/v2\/pages\/265","targetHints":{"allow":["GET"]}}],"collection":[{"href":"https:\/\/escuadra.cl\/index.php\/wp-json\/wp\/v2\/pages"}],"about":[{"href":"https:\/\/escuadra.cl\/index.php\/wp-json\/wp\/v2\/types\/page"}],"author":[{"embeddable":true,"href":"https:\/\/escuadra.cl\/index.php\/wp-json\/wp\/v2\/users\/1"}],"replies":[{"embeddable":true,"href":"https:\/\/escuadra.cl\/index.php\/wp-json\/wp\/v2\/comments?post=265"}],"version-history":[{"count":4,"href":"https:\/\/escuadra.cl\/index.php\/wp-json\/wp\/v2\/pages\/265\/revisions"}],"predecessor-version":[{"id":1269,"href":"https:\/\/escuadra.cl\/index.php\/wp-json\/wp\/v2\/pages\/265\/revisions\/1269"}],"wp:attachment":[{"href":"https:\/\/escuadra.cl\/index.php\/wp-json\/wp\/v2\/media?parent=265"}],"curies":[{"name":"wp","href":"https:\/\/api.w.org\/{rel}","templated":true}]}}